{"id":308,"date":"2020-01-13T11:17:52","date_gmt":"2020-01-13T11:17:52","guid":{"rendered":"https:\/\/demosites.io\/web-agency-gb\/?page_id=5"},"modified":"2023-05-03T10:36:49","modified_gmt":"2023-05-03T08:36:49","slug":"15c42-web-agency-gb-home","status":"publish","type":"page","link":"https:\/\/grakrolestwo.pl\/","title":{"rendered":"Home"},"content":{"rendered":"\n<div class=\"wp-block-cover alignfull\" style=\"min-height:700px;aspect-ratio:unset;\"><span aria-hidden=\"true\" class=\"wp-block-cover__background has-background-dim-0 has-background-dim\"><\/span><img loading=\"lazy\" decoding=\"async\" width=\"2560\" height=\"1440\" class=\"wp-block-cover__image-background wp-image-362\" alt=\"\" src=\"https:\/\/grakrolestwo.pl\/wp-content\/uploads\/2023\/05\/Kopia-Magda-Lecz.-1.png\" data-object-fit=\"cover\" srcset=\"https:\/\/grakrolestwo.pl\/wp-content\/uploads\/2023\/05\/Kopia-Magda-Lecz.-1.png 2560w, https:\/\/grakrolestwo.pl\/wp-content\/uploads\/2023\/05\/Kopia-Magda-Lecz.-1-300x169.png 300w, https:\/\/grakrolestwo.pl\/wp-content\/uploads\/2023\/05\/Kopia-Magda-Lecz.-1-1024x576.png 1024w, https:\/\/grakrolestwo.pl\/wp-content\/uploads\/2023\/05\/Kopia-Magda-Lecz.-1-768x432.png 768w, https:\/\/grakrolestwo.pl\/wp-content\/uploads\/2023\/05\/Kopia-Magda-Lecz.-1-1536x864.png 1536w, https:\/\/grakrolestwo.pl\/wp-content\/uploads\/2023\/05\/Kopia-Magda-Lecz.-1-2048x1152.png 2048w\" sizes=\"auto, (max-width: 2560px) 100vw, 2560px\" \/><div class=\"wp-block-cover__inner-container is-layout-flow wp-block-cover-is-layout-flow\">\n<div style=\"height:80px\" aria-hidden=\"true\" class=\"wp-block-spacer\"><\/div>\n\n\n\n<h1 class=\"wp-block-heading has-text-align-center has-neve-text-color-color has-text-color\">Witaj, Wasza Wysoko\u015b\u0107!<\/h1>\n\n\n\n<div class=\"wp-block-buttons is-horizontal is-content-justification-center is-layout-flex wp-container-core-buttons-is-layout-499968f5 wp-block-buttons-is-layout-flex\">\n<div class=\"wp-block-button is-style-primary\"><a class=\"wp-block-button__link wp-element-button\" href=\"https:\/\/kosciuszko.eu\/pl\/c\/Gry-planszowe\/26\" target=\"_blank\" rel=\"noreferrer noopener\">KUP GR\u0118<\/a><\/div>\n\n\n\n<div class=\"wp-block-button is-style-secondary\"><a class=\"wp-block-button__link has-neve-text-color-color has-text-color wp-element-button\" href=\"autorka@grakrolestwo.pl\" target=\"_blank\" rel=\"noreferrer noopener\">KONTAKT<\/a><\/div>\n<\/div>\n\n\n\n<div style=\"height:80px\" aria-hidden=\"true\" class=\"wp-block-spacer\"><\/div>\n\n\n\n<div style=\"height:80px\" aria-hidden=\"true\" class=\"wp-block-spacer\"><\/div>\n<\/div><\/div>\n\n\n\n<div style=\"height:80px\" aria-hidden=\"true\" class=\"wp-block-spacer\"><\/div>\n\n\n\n<div class=\"wp-block-columns is-layout-flex wp-container-core-columns-is-layout-9d6595d7 wp-block-columns-is-layout-flex\">\n<div class=\"wp-block-column is-layout-flow wp-block-column-is-layout-flow\"><div class=\"wp-block-image icon-style is-style-rounded\">\n<figure class=\"aligncenter size-thumbnail\"><img loading=\"lazy\" decoding=\"async\" width=\"150\" height=\"150\" src=\"https:\/\/grakrolestwo.pl\/wp-content\/uploads\/2023\/04\/cropped-GraK_ikonaFB_02-150x150.jpg\" alt=\"\" class=\"wp-image-12\" title=\"\" srcset=\"https:\/\/grakrolestwo.pl\/wp-content\/uploads\/2023\/04\/cropped-GraK_ikonaFB_02-150x150.jpg 150w, https:\/\/grakrolestwo.pl\/wp-content\/uploads\/2023\/04\/cropped-GraK_ikonaFB_02-300x300.jpg 300w, https:\/\/grakrolestwo.pl\/wp-content\/uploads\/2023\/04\/cropped-GraK_ikonaFB_02-270x270.jpg 270w, https:\/\/grakrolestwo.pl\/wp-content\/uploads\/2023\/04\/cropped-GraK_ikonaFB_02-192x192.jpg 192w, https:\/\/grakrolestwo.pl\/wp-content\/uploads\/2023\/04\/cropped-GraK_ikonaFB_02-180x180.jpg 180w, https:\/\/grakrolestwo.pl\/wp-content\/uploads\/2023\/04\/cropped-GraK_ikonaFB_02-32x32.jpg 32w, https:\/\/grakrolestwo.pl\/wp-content\/uploads\/2023\/04\/cropped-GraK_ikonaFB_02.jpg 512w\" sizes=\"auto, (max-width: 150px) 100vw, 150px\" \/><\/figure>\n<\/div>\n\n\n<div style=\"height:20px\" aria-hidden=\"true\" class=\"wp-block-spacer\"><\/div>\n\n\n\n<h3 class=\"wp-block-heading has-text-align-center has-neve-text-color-color has-text-color\">Gra planszowa<\/h3>\n\n\n\n<p class=\"has-text-align-center\">&#8222;Kr\u00f3lestwo&#8221; to pi\u0119kna grafika, ciekawa fabu\u0142a i r\u00f3\u017cne warianty gry. Rozszerzenie &#8222;Kr\u00f3lowa&#8221; to nowe, nieznane przygody w tym samym uniwersum.<\/p>\n\n\n\n<div style=\"height:20px\" aria-hidden=\"true\" class=\"wp-block-spacer\"><\/div>\n<\/div>\n\n\n\n<div class=\"wp-block-column is-layout-flow wp-block-column-is-layout-flow\"><div class=\"wp-block-image icon-style is-style-rounded\">\n<figure class=\"aligncenter size-thumbnail\"><img loading=\"lazy\" decoding=\"async\" width=\"150\" height=\"150\" src=\"https:\/\/grakrolestwo.pl\/wp-content\/uploads\/2023\/04\/cropped-GraK_ikonaFB_02-150x150.jpg\" alt=\"\" class=\"wp-image-12\" srcset=\"https:\/\/grakrolestwo.pl\/wp-content\/uploads\/2023\/04\/cropped-GraK_ikonaFB_02-150x150.jpg 150w, https:\/\/grakrolestwo.pl\/wp-content\/uploads\/2023\/04\/cropped-GraK_ikonaFB_02-300x300.jpg 300w, https:\/\/grakrolestwo.pl\/wp-content\/uploads\/2023\/04\/cropped-GraK_ikonaFB_02-270x270.jpg 270w, https:\/\/grakrolestwo.pl\/wp-content\/uploads\/2023\/04\/cropped-GraK_ikonaFB_02-192x192.jpg 192w, https:\/\/grakrolestwo.pl\/wp-content\/uploads\/2023\/04\/cropped-GraK_ikonaFB_02-180x180.jpg 180w, https:\/\/grakrolestwo.pl\/wp-content\/uploads\/2023\/04\/cropped-GraK_ikonaFB_02-32x32.jpg 32w, https:\/\/grakrolestwo.pl\/wp-content\/uploads\/2023\/04\/cropped-GraK_ikonaFB_02.jpg 512w\" sizes=\"auto, (max-width: 150px) 100vw, 150px\" \/><\/figure>\n<\/div>\n\n\n<div style=\"height:20px\" aria-hidden=\"true\" class=\"wp-block-spacer\"><\/div>\n\n\n\n<h3 class=\"wp-block-heading has-text-align-center has-neve-text-color-color has-text-color\">Bajka<\/h3>\n\n\n\n<p class=\"has-text-align-center\">Ba\u015b\u0144 do\u0142\u0105czona do gry wprowadza w jej atmosfer\u0119 i fabu\u0142\u0119, pobudza wyobra\u017ani\u0119 oraz pomaga wydoby\u0107 z gry maksimum przyjemno\u015bci.<\/p>\n\n\n\n<div style=\"height:20px\" aria-hidden=\"true\" class=\"wp-block-spacer\"><\/div>\n<\/div>\n\n\n\n<div class=\"wp-block-column is-layout-flow wp-block-column-is-layout-flow\"><div class=\"wp-block-image icon-style is-style-rounded\">\n<figure class=\"aligncenter size-thumbnail\"><img loading=\"lazy\" decoding=\"async\" width=\"150\" height=\"150\" src=\"https:\/\/grakrolestwo.pl\/wp-content\/uploads\/2023\/04\/cropped-GraK_ikonaFB_02-150x150.jpg\" alt=\"\" class=\"wp-image-12\" srcset=\"https:\/\/grakrolestwo.pl\/wp-content\/uploads\/2023\/04\/cropped-GraK_ikonaFB_02-150x150.jpg 150w, https:\/\/grakrolestwo.pl\/wp-content\/uploads\/2023\/04\/cropped-GraK_ikonaFB_02-300x300.jpg 300w, https:\/\/grakrolestwo.pl\/wp-content\/uploads\/2023\/04\/cropped-GraK_ikonaFB_02-270x270.jpg 270w, https:\/\/grakrolestwo.pl\/wp-content\/uploads\/2023\/04\/cropped-GraK_ikonaFB_02-192x192.jpg 192w, https:\/\/grakrolestwo.pl\/wp-content\/uploads\/2023\/04\/cropped-GraK_ikonaFB_02-180x180.jpg 180w, https:\/\/grakrolestwo.pl\/wp-content\/uploads\/2023\/04\/cropped-GraK_ikonaFB_02-32x32.jpg 32w, https:\/\/grakrolestwo.pl\/wp-content\/uploads\/2023\/04\/cropped-GraK_ikonaFB_02.jpg 512w\" sizes=\"auto, (max-width: 150px) 100vw, 150px\" \/><\/figure>\n<\/div>\n\n\n<div style=\"height:20px\" aria-hidden=\"true\" class=\"wp-block-spacer\"><\/div>\n\n\n\n<h3 class=\"wp-block-heading has-text-align-center has-neve-text-color-color has-text-color\">Pretekst do rozmowy<\/h3>\n\n\n\n<p class=\"has-text-align-center\">Gra wprowadza dzieci w \u015bwiat warto\u015bci, uczy dokonywania dobrych wybor\u00f3w i staje si\u0119 pretekstem do rozmowy. Pomaga w tym do\u0142\u0105czony komentarz dla rodzic\u00f3w i wychowawc\u00f3w.<\/p>\n\n\n\n<div style=\"height:20px\" aria-hidden=\"true\" class=\"wp-block-spacer\"><\/div>\n<\/div>\n<\/div>\n\n\n\n<div style=\"height:80px\" aria-hidden=\"true\" class=\"wp-block-spacer\"><\/div>\n\n\n\n<div class=\"wp-block-cover alignfull\" style=\"min-height:600px;aspect-ratio:unset;\"><span aria-hidden=\"true\" class=\"wp-block-cover__background has-nv-light-bg-background-color has-background-dim-100 has-background-dim\"><\/span><div class=\"wp-block-cover__inner-container is-layout-flow wp-block-cover-is-layout-flow\">\n<div class=\"wp-block-group\"><div class=\"wp-block-group__inner-container is-layout-flow wp-block-group-is-layout-flow\">\n<div style=\"height:80px\" aria-hidden=\"true\" class=\"wp-block-spacer\"><\/div>\n\n\n\n<div class=\"wp-block-columns are-vertically-aligned-center is-layout-flex wp-container-core-columns-is-layout-9d6595d7 wp-block-columns-is-layout-flex\">\n<div class=\"wp-block-column is-vertically-aligned-center is-layout-flow wp-block-column-is-layout-flow\" style=\"flex-basis:50%\">\n<figure class=\"wp-block-image size-large\"><img loading=\"lazy\" decoding=\"async\" width=\"1024\" height=\"635\" src=\"https:\/\/grakrolestwo.pl\/wp-content\/uploads\/2023\/05\/GraK_wizualizacja-1024x635.jpg\" alt=\"\" class=\"wp-image-378\" srcset=\"https:\/\/grakrolestwo.pl\/wp-content\/uploads\/2023\/05\/GraK_wizualizacja-1024x635.jpg 1024w, https:\/\/grakrolestwo.pl\/wp-content\/uploads\/2023\/05\/GraK_wizualizacja-300x186.jpg 300w, https:\/\/grakrolestwo.pl\/wp-content\/uploads\/2023\/05\/GraK_wizualizacja-768x476.jpg 768w, https:\/\/grakrolestwo.pl\/wp-content\/uploads\/2023\/05\/GraK_wizualizacja-1536x952.jpg 1536w, https:\/\/grakrolestwo.pl\/wp-content\/uploads\/2023\/05\/GraK_wizualizacja-2048x1269.jpg 2048w\" sizes=\"auto, (max-width: 1024px) 100vw, 1024px\" \/><\/figure>\n<\/div>\n\n\n\n<div class=\"wp-block-column is-vertically-aligned-center is-layout-flow wp-block-column-is-layout-flow\" style=\"flex-basis:50%\">\n<div style=\"height:20px\" aria-hidden=\"true\" class=\"wp-block-spacer\"><\/div>\n\n\n\n<h2 class=\"wp-block-heading has-text-align-left has-neve-text-color-color has-text-color\">Strona w budowie<\/h2>\n\n\n\n<p class=\"has-text-align-left has-neve-text-color-color has-text-color\" style=\"font-size:17px\">Lorem ipsum dolor sit amet, consectetur adipiscing elit. Ut elit tellus, luctus nec ullamcorper mattis, pulvinar dapibus leo.<\/p>\n\n\n\n<div class=\"wp-block-buttons is-horizontal is-content-justification-left is-layout-flex wp-container-core-buttons-is-layout-7e5fce0a wp-block-buttons-is-layout-flex\">\n<div class=\"wp-block-button is-style-primary\"><a class=\"wp-block-button__link wp-element-button\" href=\"https:\/\/grakrolestwo.pl\/web-agency-gb-portfolio-single\/\">LEARN MORE<\/a><\/div>\n<\/div>\n<\/div>\n<\/div>\n\n\n\n<div style=\"height:40px\" aria-hidden=\"true\" class=\"wp-block-spacer\"><\/div>\n<\/div><\/div>\n<\/div><\/div>\n\n\n\n<div class=\"wp-block-cover alignfull\" style=\"min-height:600px;aspect-ratio:unset;\"><span aria-hidden=\"true\" class=\"wp-block-cover__background has-nv-site-bg-background-color has-background-dim-100 has-background-dim\"><\/span><div class=\"wp-block-cover__inner-container is-layout-flow wp-block-cover-is-layout-flow\">\n<div class=\"wp-block-group\"><div class=\"wp-block-group__inner-container is-layout-flow wp-block-group-is-layout-flow\">\n<div style=\"height:80px\" aria-hidden=\"true\" class=\"wp-block-spacer\"><\/div>\n\n\n\n<div class=\"wp-block-columns are-vertically-aligned-center is-layout-flex wp-container-core-columns-is-layout-9d6595d7 wp-block-columns-is-layout-flex\">\n<div class=\"wp-block-column is-vertically-aligned-center is-layout-flow wp-block-column-is-layout-flow\" style=\"flex-basis:50%\">\n<h2 class=\"wp-block-heading has-text-align-left has-neve-text-color-color has-text-color\">Strona w budowie<\/h2>\n\n\n\n<p class=\"has-text-align-left has-neve-text-color-color has-text-color\" style=\"font-size:17px\">Lorem ipsum dolor sit amet, consectetur adipiscing elit. Ut elit tellus, luctus nec ullamcorper mattis, pulvinar dapibus leo.<\/p>\n\n\n\n<div class=\"wp-block-buttons is-horizontal is-content-justification-left is-layout-flex wp-container-core-buttons-is-layout-7e5fce0a wp-block-buttons-is-layout-flex\">\n<div class=\"wp-block-button is-style-primary\"><a class=\"wp-block-button__link wp-element-button\" href=\"https:\/\/grakrolestwo.pl\/web-agency-gb-portfolio-single\/\">LEARN MORE<\/a><\/div>\n<\/div>\n\n\n\n<div style=\"height:40px\" aria-hidden=\"true\" class=\"wp-block-spacer\"><\/div>\n<\/div>\n\n\n\n<div class=\"wp-block-column is-vertically-aligned-center is-layout-flow wp-block-column-is-layout-flow\" style=\"flex-basis:50%\">\n<figure class=\"wp-block-image size-large\"><img loading=\"lazy\" decoding=\"async\" width=\"1024\" height=\"816\" src=\"https:\/\/grakrolestwo.pl\/wp-content\/uploads\/2023\/05\/elementy_gry-1024x816.png\" alt=\"\" class=\"wp-image-379\" srcset=\"https:\/\/grakrolestwo.pl\/wp-content\/uploads\/2023\/05\/elementy_gry-1024x816.png 1024w, https:\/\/grakrolestwo.pl\/wp-content\/uploads\/2023\/05\/elementy_gry-300x239.png 300w, https:\/\/grakrolestwo.pl\/wp-content\/uploads\/2023\/05\/elementy_gry-768x612.png 768w, https:\/\/grakrolestwo.pl\/wp-content\/uploads\/2023\/05\/elementy_gry.png 1209w\" sizes=\"auto, (max-width: 1024px) 100vw, 1024px\" \/><\/figure>\n<\/div>\n<\/div>\n\n\n\n<div style=\"height:40px\" aria-hidden=\"true\" class=\"wp-block-spacer\"><\/div>\n<\/div><\/div>\n<\/div><\/div>\n\n\n\n<div class=\"wp-block-cover alignfull\" style=\"min-height:600px;aspect-ratio:unset;\"><span aria-hidden=\"true\" class=\"wp-block-cover__background has-nv-dark-bg-background-color has-background-dim-100 has-background-dim\"><\/span><div class=\"wp-block-cover__inner-container is-layout-flow wp-block-cover-is-layout-flow\">\n<div class=\"wp-block-group\"><div class=\"wp-block-group__inner-container is-layout-flow wp-block-group-is-layout-flow\">\n<div style=\"height:80px\" aria-hidden=\"true\" class=\"wp-block-spacer\"><\/div>\n\n\n\n<div class=\"wp-block-columns are-vertically-aligned-center is-layout-flex wp-container-core-columns-is-layout-9d6595d7 wp-block-columns-is-layout-flex\">\n<div class=\"wp-block-column is-vertically-aligned-center is-layout-flow wp-block-column-is-layout-flow\" style=\"flex-basis:50%\">\n<figure class=\"wp-block-image size-large\"><img loading=\"lazy\" decoding=\"async\" width=\"1024\" height=\"667\" src=\"https:\/\/grakrolestwo.pl\/wp-content\/uploads\/2023\/05\/GraK_plansza_wizualizacja2-1024x667.jpg\" alt=\"\" class=\"wp-image-380\" srcset=\"https:\/\/grakrolestwo.pl\/wp-content\/uploads\/2023\/05\/GraK_plansza_wizualizacja2-1024x667.jpg 1024w, https:\/\/grakrolestwo.pl\/wp-content\/uploads\/2023\/05\/GraK_plansza_wizualizacja2-300x196.jpg 300w, https:\/\/grakrolestwo.pl\/wp-content\/uploads\/2023\/05\/GraK_plansza_wizualizacja2-768x501.jpg 768w, https:\/\/grakrolestwo.pl\/wp-content\/uploads\/2023\/05\/GraK_plansza_wizualizacja2.jpg 1143w\" sizes=\"auto, (max-width: 1024px) 100vw, 1024px\" \/><\/figure>\n<\/div>\n\n\n\n<div class=\"wp-block-column is-vertically-aligned-center is-layout-flow wp-block-column-is-layout-flow\" style=\"flex-basis:50%\">\n<div style=\"height:40px\" aria-hidden=\"true\" class=\"wp-block-spacer\"><\/div>\n\n\n\n<h2 class=\"wp-block-heading has-text-align-left has-nv-text-dark-bg-color has-text-color\">Strona w budowie<\/h2>\n\n\n\n<p class=\"has-text-align-left has-nv-text-dark-bg-color has-text-color\" style=\"font-size:17px\">Lorem ipsum dolor sit amet, consectetur adipiscing elit. Ut elit tellus, luctus nec ullamcorper mattis, pulvinar dapibus leo.<\/p>\n\n\n\n<div class=\"wp-block-buttons is-horizontal is-content-justification-left is-layout-flex wp-container-core-buttons-is-layout-7e5fce0a wp-block-buttons-is-layout-flex\">\n<div class=\"wp-block-button is-style-primary\"><a class=\"wp-block-button__link wp-element-button\" href=\"https:\/\/grakrolestwo.pl\/web-agency-gb-about-us\/\">LEARN MORE<\/a><\/div>\n<\/div>\n<\/div>\n<\/div>\n\n\n\n<div style=\"height:50px\" aria-hidden=\"true\" class=\"wp-block-spacer\"><\/div>\n<\/div><\/div>\n<\/div><\/div>\n\n\n\n<div class=\"wp-block-cover alignfull\" style=\"min-height:600px;aspect-ratio:unset;\"><span aria-hidden=\"true\" class=\"wp-block-cover__background has-nv-site-bg-background-color has-background-dim-100 has-background-dim\"><\/span><div class=\"wp-block-cover__inner-container is-layout-flow wp-block-cover-is-layout-flow\">\n<div class=\"wp-block-group\"><div class=\"wp-block-group__inner-container is-layout-flow wp-block-group-is-layout-flow\">\n<div style=\"height:80px\" aria-hidden=\"true\" class=\"wp-block-spacer\"><\/div>\n\n\n\n<h2 class=\"wp-block-heading has-neve-text-color-color has-text-color\">Znasz ju\u017c Kr\u00f3low\u0105?<\/h2>\n\n\n\n<div style=\"height:20px\" aria-hidden=\"true\" class=\"wp-block-spacer\"><\/div>\n\n\n\n<div class=\"wp-block-columns are-vertically-aligned-center is-layout-flex wp-container-core-columns-is-layout-9d6595d7 wp-block-columns-is-layout-flex\">\n<div class=\"wp-block-column is-vertically-aligned-center is-layout-flow wp-block-column-is-layout-flow\" style=\"flex-basis:50%\">\n<figure class=\"wp-block-image size-large\"><img loading=\"lazy\" decoding=\"async\" width=\"1024\" height=\"683\" src=\"https:\/\/grakrolestwo.pl\/wp-content\/uploads\/2023\/05\/krolowa_karty-1024x683.jpg\" alt=\"\" class=\"wp-image-385\" srcset=\"https:\/\/grakrolestwo.pl\/wp-content\/uploads\/2023\/05\/krolowa_karty-1024x683.jpg 1024w, https:\/\/grakrolestwo.pl\/wp-content\/uploads\/2023\/05\/krolowa_karty-300x200.jpg 300w, https:\/\/grakrolestwo.pl\/wp-content\/uploads\/2023\/05\/krolowa_karty-768x512.jpg 768w, https:\/\/grakrolestwo.pl\/wp-content\/uploads\/2023\/05\/krolowa_karty-1536x1024.jpg 1536w, https:\/\/grakrolestwo.pl\/wp-content\/uploads\/2023\/05\/krolowa_karty-2048x1365.jpg 2048w, https:\/\/grakrolestwo.pl\/wp-content\/uploads\/2023\/05\/krolowa_karty-930x620.jpg 930w\" sizes=\"auto, (max-width: 1024px) 100vw, 1024px\" \/><\/figure>\n\n\n\n<div style=\"height:40px\" aria-hidden=\"true\" class=\"wp-block-spacer\"><\/div>\n<\/div>\n\n\n\n<div class=\"wp-block-column is-vertically-aligned-center is-layout-flow wp-block-column-is-layout-flow\" style=\"flex-basis:50%\">\n<figure class=\"wp-block-image size-large\"><img loading=\"lazy\" decoding=\"async\" width=\"1024\" height=\"683\" src=\"https:\/\/grakrolestwo.pl\/wp-content\/uploads\/2023\/05\/Krolowa_otwartepudelko-1024x683.jpg\" alt=\"\" class=\"wp-image-384\" srcset=\"https:\/\/grakrolestwo.pl\/wp-content\/uploads\/2023\/05\/Krolowa_otwartepudelko-1024x683.jpg 1024w, https:\/\/grakrolestwo.pl\/wp-content\/uploads\/2023\/05\/Krolowa_otwartepudelko-300x200.jpg 300w, https:\/\/grakrolestwo.pl\/wp-content\/uploads\/2023\/05\/Krolowa_otwartepudelko-768x512.jpg 768w, https:\/\/grakrolestwo.pl\/wp-content\/uploads\/2023\/05\/Krolowa_otwartepudelko-1536x1024.jpg 1536w, https:\/\/grakrolestwo.pl\/wp-content\/uploads\/2023\/05\/Krolowa_otwartepudelko-2048x1365.jpg 2048w, https:\/\/grakrolestwo.pl\/wp-content\/uploads\/2023\/05\/Krolowa_otwartepudelko-930x620.jpg 930w\" sizes=\"auto, (max-width: 1024px) 100vw, 1024px\" \/><\/figure>\n\n\n\n<div style=\"height:40px\" aria-hidden=\"true\" class=\"wp-block-spacer\"><\/div>\n<\/div>\n<\/div>\n\n\n\n<div class=\"wp-block-buttons is-content-justification-center is-layout-flex wp-container-core-buttons-is-layout-16018d1d wp-block-buttons-is-layout-flex\">\n<div class=\"wp-block-button is-style-secondary\"><a class=\"wp-block-button__link has-neve-text-color-color has-text-color has-text-align-center wp-element-button\" href=\"https:\/\/kosciuszko.eu\/pl\/p\/KROLOWA-gra-planszowa-rozszerzenie-KROLESTWA\/106\" target=\"_blank\" rel=\"noreferrer noopener\">KUP ROZSZERZENIE GRY &#8222;KR\u00d3LOWA&#8221;<\/a><\/div>\n<\/div>\n\n\n\n<div style=\"height:40px\" aria-hidden=\"true\" class=\"wp-block-spacer\"><\/div>\n<\/div><\/div>\n<\/div><\/div>\n\n\n\n<div class=\"wp-block-cover alignfull\" style=\"min-height:420px;aspect-ratio:unset;\"><span aria-hidden=\"true\" class=\"wp-block-cover__background has-nv-light-bg-background-color has-background-dim-100 has-background-dim\"><\/span><div class=\"wp-block-cover__inner-container is-layout-flow wp-block-cover-is-layout-flow\">\n<div style=\"height:80px\" aria-hidden=\"true\" class=\"wp-block-spacer\"><\/div>\n\n\n\n<div class=\"wp-block-columns is-layout-flex wp-container-core-columns-is-layout-9d6595d7 wp-block-columns-is-layout-flex\">\n<div class=\"wp-block-column ticss-4ce656f1 is-layout-flow wp-block-column-is-layout-flow\">\n<figure class=\"wp-block-image size-large is-resized is-style-rounded\"><img loading=\"lazy\" decoding=\"async\" src=\"http:\/\/grakrolestwo.pl\/wp-content\/uploads\/2020\/12\/neve-web-design-studio-03.1.jpg\" alt=\"\" class=\"wp-image-215\" width=\"80\" height=\"80\" srcset=\"https:\/\/grakrolestwo.pl\/wp-content\/uploads\/2020\/12\/neve-web-design-studio-03.1.jpg 400w, https:\/\/grakrolestwo.pl\/wp-content\/uploads\/2020\/12\/neve-web-design-studio-03.1-300x300.jpg 300w, https:\/\/grakrolestwo.pl\/wp-content\/uploads\/2020\/12\/neve-web-design-studio-03.1-150x150.jpg 150w\" sizes=\"auto, (max-width: 80px) 100vw, 80px\" \/><\/figure>\n\n\n\n<div style=\"height:24px\" aria-hidden=\"true\" class=\"wp-block-spacer\"><\/div>\n\n\n\n<p class=\"has-text-align-left has-neve-text-color-color has-text-color\">\u201cWhat is the point of being alive if you don\u2019t at least try to do something remarkable?\u201d<\/p>\n\n\n\n<p class=\"has-neve-text-color-color has-text-color\">JANET MORRIS<\/p>\n\n\n\n<div style=\"height:20px\" aria-hidden=\"true\" class=\"wp-block-spacer\"><\/div>\n<\/div>\n\n\n\n<div class=\"wp-block-column ticss-f6fc7494 is-layout-flow wp-block-column-is-layout-flow\">\n<figure class=\"wp-block-image size-large is-resized is-style-rounded\"><img loading=\"lazy\" decoding=\"async\" src=\"http:\/\/grakrolestwo.pl\/wp-content\/uploads\/2020\/12\/neve-web-design-studio-04.1.jpg\" alt=\"\" class=\"wp-image-216\" width=\"80\" height=\"80\" srcset=\"https:\/\/grakrolestwo.pl\/wp-content\/uploads\/2020\/12\/neve-web-design-studio-04.1.jpg 400w, https:\/\/grakrolestwo.pl\/wp-content\/uploads\/2020\/12\/neve-web-design-studio-04.1-300x300.jpg 300w, https:\/\/grakrolestwo.pl\/wp-content\/uploads\/2020\/12\/neve-web-design-studio-04.1-150x150.jpg 150w\" sizes=\"auto, (max-width: 80px) 100vw, 80px\" \/><\/figure>\n\n\n\n<div style=\"height:24px\" aria-hidden=\"true\" class=\"wp-block-spacer\"><\/div>\n\n\n\n<p class=\"has-text-align-left has-neve-text-color-color has-text-color\">\u201cWhat is the point of being alive if you don\u2019t at least try to do something remarkable?\u201d<\/p>\n\n\n\n<p class=\"has-neve-text-color-color has-text-color\">WILLIE BROWN<\/p>\n\n\n\n<div style=\"height:20px\" aria-hidden=\"true\" class=\"wp-block-spacer\"><\/div>\n<\/div>\n\n\n\n<div class=\"wp-block-column ticss-a5b4df29 is-layout-flow wp-block-column-is-layout-flow\">\n<figure class=\"wp-block-image size-large is-resized is-style-rounded\"><img loading=\"lazy\" decoding=\"async\" src=\"http:\/\/grakrolestwo.pl\/wp-content\/uploads\/2020\/12\/neve-web-design-studio-02.1.jpg\" alt=\"\" class=\"wp-image-214\" width=\"80\" height=\"80\" srcset=\"https:\/\/grakrolestwo.pl\/wp-content\/uploads\/2020\/12\/neve-web-design-studio-02.1.jpg 400w, https:\/\/grakrolestwo.pl\/wp-content\/uploads\/2020\/12\/neve-web-design-studio-02.1-300x300.jpg 300w, https:\/\/grakrolestwo.pl\/wp-content\/uploads\/2020\/12\/neve-web-design-studio-02.1-150x150.jpg 150w\" sizes=\"auto, (max-width: 80px) 100vw, 80px\" \/><\/figure>\n\n\n\n<div style=\"height:24px\" aria-hidden=\"true\" class=\"wp-block-spacer\"><\/div>\n\n\n\n<p class=\"has-text-align-left has-neve-text-color-color has-text-color\">\u201cWhat is the point of being alive if you don\u2019t at least try to do something remarkable?\u201d<\/p>\n\n\n\n<p class=\"has-neve-text-color-color has-text-color\">SEAN FISHER<\/p>\n\n\n\n<div style=\"height:20px\" aria-hidden=\"true\" class=\"wp-block-spacer\"><\/div>\n<\/div>\n<\/div>\n\n\n\n<div style=\"height:30px\" aria-hidden=\"true\" class=\"wp-block-spacer\"><\/div>\n<\/div><\/div>\n\n\n\n<div class=\"wp-block-cover alignfull\" style=\"min-height:300px;aspect-ratio:unset;\"><span aria-hidden=\"true\" class=\"wp-block-cover__background has-nv-dark-bg-background-color has-background-dim-100 has-background-dim\"><\/span><div class=\"wp-block-cover__inner-container is-layout-flow wp-block-cover-is-layout-flow\">\n<div style=\"height:140px\" aria-hidden=\"true\" class=\"wp-block-spacer\"><\/div>\n\n\n\n<h2 class=\"wp-block-heading has-text-align-center has-nv-text-dark-bg-color has-text-color\">Let\u2019s work together on your <br>next web project<\/h2>\n\n\n\n<p class=\"has-text-align-center\">Lorem ipsum dolor sit amet, consectetur adipiscing elit. Ut elit tellus, luctus <br>nec ullamcorper mattis, pulvinar dapibus leo.<\/p>\n\n\n\n<div class=\"wp-block-buttons is-horizontal is-content-justification-center is-layout-flex wp-container-core-buttons-is-layout-499968f5 wp-block-buttons-is-layout-flex\">\n<div class=\"wp-block-button is-style-primary\"><a class=\"wp-block-button__link wp-element-button\" href=\"https:\/\/grakrolestwo.pl\/web-agency-gb-contact-us\/\">LEARN MORE<\/a><\/div>\n<\/div>\n\n\n\n<div style=\"height:140px\" aria-hidden=\"true\" class=\"wp-block-spacer\"><\/div>\n<\/div><\/div>\n","protected":false},"excerpt":{"rendered":"<p>Gra planszowa &#8222;Kr\u00f3lestwo&#8221; to pi\u0119kna grafika, ciekawa fabu\u0142a i r\u00f3\u017cne warianty gry. Rozszerzenie &#8222;Kr\u00f3lowa&#8221; to nowe, nieznane przygody w tym samym uniwersum. Bajka Ba\u015b\u0144 do\u0142\u0105czona do gry wprowadza w jej atmosfer\u0119 i fabu\u0142\u0119, pobudza wyobra\u017ani\u0119 oraz pomaga wydoby\u0107 z gry maksimum przyjemno\u015bci. Pretekst do rozmowy Gra wprowadza dzieci w \u015bwiat warto\u015bci, uczy dokonywania dobrych wybor\u00f3w&hellip;&nbsp;<a href=\"https:\/\/grakrolestwo.pl\/\" class=\"\" rel=\"bookmark\">Czytaj dalej &raquo;<span class=\"screen-reader-text\">Home<\/span><\/a><\/p>\n","protected":false},"author":1,"featured_media":0,"parent":0,"menu_order":0,"comment_status":"closed","ping_status":"closed","template":"","meta":{"neve_meta_sidebar":"default","neve_meta_container":"default","neve_meta_enable_content_width":"on","neve_meta_content_width":100,"neve_meta_title_alignment":"","neve_meta_author_avatar":"","neve_post_elements_order":"","neve_meta_disable_header":"","neve_meta_disable_footer":"","neve_meta_disable_title":"on","_themeisle_gutenberg_block_has_review":false,"_ti_tpc_template_sync":false,"_ti_tpc_template_id":"5udqur826ojgsxrmsxsc","footnotes":""},"class_list":["post-308","page","type-page","status-publish","hentry"],"_links":{"self":[{"href":"https:\/\/grakrolestwo.pl\/index.php?rest_route=\/wp\/v2\/pages\/308","targetHints":{"allow":["GET"]}}],"collection":[{"href":"https:\/\/grakrolestwo.pl\/index.php?rest_route=\/wp\/v2\/pages"}],"about":[{"href":"https:\/\/grakrolestwo.pl\/index.php?rest_route=\/wp\/v2\/types\/page"}],"author":[{"embeddable":true,"href":"https:\/\/grakrolestwo.pl\/index.php?rest_route=\/wp\/v2\/users\/1"}],"replies":[{"embeddable":true,"href":"https:\/\/grakrolestwo.pl\/index.php?rest_route=%2Fwp%2Fv2%2Fcomments&post=308"}],"version-history":[{"count":14,"href":"https:\/\/grakrolestwo.pl\/index.php?rest_route=\/wp\/v2\/pages\/308\/revisions"}],"predecessor-version":[{"id":402,"href":"https:\/\/grakrolestwo.pl\/index.php?rest_route=\/wp\/v2\/pages\/308\/revisions\/402"}],"wp:attachment":[{"href":"https:\/\/grakrolestwo.pl\/index.php?rest_route=%2Fwp%2Fv2%2Fmedia&parent=308"}],"curies":[{"name":"wp","href":"https:\/\/api.w.org\/{rel}","templated":true}]}}